{"id":19,"date":"2026-01-30T10:18:08","date_gmt":"2026-01-30T10:18:08","guid":{"rendered":"https:\/\/sara-new.maktechagency.com\/?page_id=19"},"modified":"2026-02-21T05:42:43","modified_gmt":"2026-02-21T05:42:43","slug":"blog","status":"publish","type":"page","link":"https:\/\/sara-new.maktechagency.com\/index.php\/blog\/","title":{"rendered":"Blog"},"content":{"rendered":"\t\t<div data-elementor-type=\"wp-page\" data-elementor-id=\"19\" class=\"elementor elementor-19\" data-elementor-post-type=\"page\">\n\t\t\t\t<div class=\"elementor-element elementor-element-63725c1 e-flex e-con-boxed e-con e-parent\" data-id=\"63725c1\" data-element_type=\"container\" data-e-type=\"container\" data-settings=\"{&quot;background_background&quot;:&quot;classic&quot;}\">\n\t\t\t\t\t<div class=\"e-con-inner\">\n\t\t<div class=\"elementor-element elementor-element-51cdaa8 e-con-full e-flex e-con e-child\" data-id=\"51cdaa8\" data-element_type=\"container\" data-e-type=\"container\">\n\t\t\t\t<div class=\"elementor-element elementor-element-aab57d8 elementor-widget elementor-widget-heading\" data-id=\"aab57d8\" data-element_type=\"widget\" data-e-type=\"widget\" data-widget_type=\"heading.default\">\n\t\t\t\t\t<h2 class=\"elementor-heading-title elementor-size-default\">Blog &amp; Nout\u0103\u021bi<\/h2>\t\t\t\t<\/div>\n\t\t\t\t<div class=\"elementor-element elementor-element-5b458ff elementor-widget elementor-widget-text-editor\" data-id=\"5b458ff\" data-element_type=\"widget\" data-e-type=\"widget\" data-widget_type=\"text-editor.default\">\n\t\t\t\t\t\t\t\t\t<p>Cele mai recente \u0219tiri, evenimente \u0219i realiz\u0103ri din comunitatea Liceului CONIL.<br \/>R\u0103m\u00e2i conectat la tot ce se \u00eent\u00e2mpl\u0103 \u00een ecosistemul nostru educa\u021bional.\u00a0<\/p>\t\t\t\t\t\t\t\t<\/div>\n\t\t\t\t<\/div>\n\t\t\t\t\t<\/div>\n\t\t\t\t<\/div>\n\t\t<div class=\"elementor-element elementor-element-566ac78 e-flex e-con-boxed e-con e-parent\" data-id=\"566ac78\" data-element_type=\"container\" data-e-type=\"container\" data-settings=\"{&quot;background_background&quot;:&quot;classic&quot;}\">\n\t\t\t\t\t<div class=\"e-con-inner\">\n\t\t<div class=\"elementor-element elementor-element-5bad0c4 e-con-full e-flex e-con e-child\" data-id=\"5bad0c4\" data-element_type=\"container\" data-e-type=\"container\">\n\t\t<div class=\"elementor-element elementor-element-b6ec9c6 e-con-full e-flex e-con e-child\" data-id=\"b6ec9c6\" data-element_type=\"container\" data-e-type=\"container\">\n\t\t\t\t<div class=\"elementor-element elementor-element-a7785e4 elementor-widget elementor-widget-search\" data-id=\"a7785e4\" data-element_type=\"widget\" data-e-type=\"widget\" data-settings=\"{&quot;submit_trigger&quot;:&quot;click_submit&quot;,&quot;pagination_type_options&quot;:&quot;none&quot;}\" data-widget_type=\"search.default\">\n\t\t\t\t\t\t\t<search class=\"e-search hidden\" role=\"search\">\n\t\t\t<form class=\"e-search-form\" action=\"https:\/\/sara-new.maktechagency.com\" method=\"get\">\n\n\t\t\t\t\n\t\t\t\t<label class=\"e-search-label\" for=\"search-a7785e4\">\n\t\t\t\t\t<span class=\"elementor-screen-only\">\n\t\t\t\t\t\tSearch\t\t\t\t\t<\/span>\n\t\t\t\t\t\t\t\t\t<\/label>\n\n\t\t\t\t<div class=\"e-search-input-wrapper\">\n\t\t\t\t\t<input id=\"search-a7785e4\" placeholder=\"Caut\u0103 articole...\" class=\"e-search-input\" type=\"search\" name=\"s\" value=\"\" autocomplete=\"off\" role=\"combobox\" aria-autocomplete=\"list\" aria-expanded=\"false\" aria-controls=\"results-a7785e4\" aria-haspopup=\"listbox\">\n\t\t\t\t\t<svg aria-hidden=\"true\" class=\"e-font-icon-svg e-fas-times\" viewBox=\"0 0 352 512\" xmlns=\"http:\/\/www.w3.org\/2000\/svg\"><path d=\"M242.72 256l100.07-100.07c12.28-12.28 12.28-32.19 0-44.48l-22.24-22.24c-12.28-12.28-32.19-12.28-44.48 0L176 189.28 75.93 89.21c-12.28-12.28-32.19-12.28-44.48 0L9.21 111.45c-12.28 12.28-12.28 32.19 0 44.48L109.28 256 9.21 356.07c-12.28 12.28-12.28 32.19 0 44.48l22.24 22.24c12.28 12.28 32.2 12.28 44.48 0L176 322.72l100.07 100.07c12.28 12.28 32.2 12.28 44.48 0l22.24-22.24c12.28-12.28 12.28-32.19 0-44.48L242.72 256z\"><\/path><\/svg>\t\t\t\t\t\t\t\t\t\t<output id=\"results-a7785e4\" class=\"e-search-results-container hide-loader\" aria-live=\"polite\" aria-atomic=\"true\" aria-label=\"Results for search\" tabindex=\"0\">\n\t\t\t\t\t\t<div class=\"e-search-results\"><\/div>\n\t\t\t\t\t\t\t\t\t\t\t<\/output>\n\t\t\t\t\t\t\t\t\t<\/div>\n\t\t\t\t\n\t\t\t\t\n\t\t\t\t<button class=\"e-search-submit  \" type=\"submit\">\n\t\t\t\t\t\n\t\t\t\t\t\t\t\t\t\t<span class=\"\">\n\t\t\t\t\t\tCaut\u0103\t\t\t\t\t<\/span>\n\t\t\t\t\t\t\t\t\t<\/button>\n\t\t\t\t<input type=\"hidden\" name=\"e_search_props\" value=\"a7785e4-19\">\n\t\t\t<\/form>\n\t\t<\/search>\n\t\t\t\t\t\t<\/div>\n\t\t\t\t<\/div>\n\t\t\t\t<\/div>\n\t\t<div class=\"elementor-element elementor-element-6cd5370 e-con-full e-flex e-con e-child\" data-id=\"6cd5370\" data-element_type=\"container\" data-e-type=\"container\">\n\t\t<div class=\"elementor-element elementor-element-8f14f22 e-con-full e-flex e-con e-child\" data-id=\"8f14f22\" data-element_type=\"container\" data-e-type=\"container\" data-settings=\"{&quot;background_background&quot;:&quot;classic&quot;}\">\n\t\t\t\t<div class=\"elementor-element elementor-element-99ad4a6 e-n-tabs-mobile elementor-widget elementor-widget-n-tabs\" data-id=\"99ad4a6\" data-element_type=\"widget\" data-e-type=\"widget\" data-settings=\"{&quot;tabs_justify_horizontal_tablet&quot;:&quot;end&quot;,&quot;horizontal_scroll&quot;:&quot;disable&quot;}\" data-widget_type=\"nested-tabs.default\">\n\t\t\t\t\t\t\t<div class=\"e-n-tabs\" data-widget-number=\"161141926\" aria-label=\"Tabs. Open items with Enter or Space, close with Escape and navigate using the Arrow keys.\">\n\t\t\t<div class=\"e-n-tabs-heading\" role=\"tablist\">\n\t\t\t\t\t<button id=\"e-n-tab-title-1611419261\" data-tab-title-id=\"e-n-tab-title-1611419261\" class=\"e-n-tab-title\" aria-selected=\"true\" data-tab-index=\"1\" role=\"tab\" tabindex=\"0\" aria-controls=\"e-n-tab-content-1611419261\" style=\"--n-tabs-title-order: 1;\">\n\t\t\t\t\t\t<span class=\"e-n-tab-title-text\">\n\t\t\t\tToate\t\t\t<\/span>\n\t\t<\/button>\n\t\t\t\t<button id=\"e-n-tab-title-1611419262\" data-tab-title-id=\"e-n-tab-title-1611419262\" class=\"e-n-tab-title\" aria-selected=\"false\" data-tab-index=\"2\" role=\"tab\" tabindex=\"-1\" aria-controls=\"e-n-tab-content-1611419262\" style=\"--n-tabs-title-order: 2;\">\n\t\t\t\t\t\t<span class=\"e-n-tab-title-text\">\n\t\t\t\tEvenimente\t\t\t<\/span>\n\t\t<\/button>\n\t\t\t\t<button id=\"e-n-tab-title-1611419263\" data-tab-title-id=\"e-n-tab-title-1611419263\" class=\"e-n-tab-title\" aria-selected=\"false\" data-tab-index=\"3\" role=\"tab\" tabindex=\"-1\" aria-controls=\"e-n-tab-content-1611419263\" style=\"--n-tabs-title-order: 3;\">\n\t\t\t\t\t\t<span class=\"e-n-tab-title-text\">\n\t\t\t\tEduca\u021bie incluziv\u0103\t\t\t<\/span>\n\t\t<\/button>\n\t\t\t\t<button id=\"e-n-tab-title-1611419264\" data-tab-title-id=\"e-n-tab-title-1611419264\" class=\"e-n-tab-title\" aria-selected=\"false\" data-tab-index=\"4\" role=\"tab\" tabindex=\"-1\" aria-controls=\"e-n-tab-content-1611419264\" style=\"--n-tabs-title-order: 4;\">\n\t\t\t\t\t\t<span class=\"e-n-tab-title-text\">\n\t\t\t\tProiecte &amp; Parteneriate\t\t\t<\/span>\n\t\t<\/button>\n\t\t\t\t\t<\/div>\n\t\t\t<div class=\"e-n-tabs-content\">\n\t\t\t\t<div id=\"e-n-tab-content-1611419261\" role=\"tabpanel\" aria-labelledby=\"e-n-tab-title-1611419261\" data-tab-index=\"1\" style=\"--n-tabs-title-order: 1;\" class=\"e-active elementor-element elementor-element-de3b715 e-con-full e-flex e-con e-child\" data-id=\"de3b715\" data-element_type=\"container\" data-e-type=\"container\">\n\t\t\t\t<div class=\"elementor-element elementor-element-dd8face elementor-grid-3 elementor-grid-tablet-2 elementor-grid-mobile-1 elementor-posts--thumbnail-top elementor-card-shadow-yes elementor-posts__hover-gradient elementor-widget elementor-widget-posts\" data-id=\"dd8face\" data-element_type=\"widget\" data-e-type=\"widget\" data-settings=\"{&quot;cards_columns&quot;:&quot;3&quot;,&quot;cards_columns_tablet&quot;:&quot;2&quot;,&quot;cards_columns_mobile&quot;:&quot;1&quot;,&quot;cards_row_gap&quot;:{&quot;unit&quot;:&quot;px&quot;,&quot;size&quot;:35,&quot;sizes&quot;:[]},&quot;cards_row_gap_tablet&quot;:{&quot;unit&quot;:&quot;px&quot;,&quot;size&quot;:&quot;&quot;,&quot;sizes&quot;:[]},&quot;cards_row_gap_mobile&quot;:{&quot;unit&quot;:&quot;px&quot;,&quot;size&quot;:&quot;&quot;,&quot;sizes&quot;:[]}}\" data-widget_type=\"posts.cards\">\n\t\t\t\t<div class=\"elementor-widget-container\">\n\t\t\t\t\t\t\t<div class=\"elementor-posts-container elementor-posts elementor-posts--skin-cards elementor-grid\" role=\"list\">\n\t\t\t\t<article class=\"elementor-post elementor-grid-item post-1031 post type-post status-publish format-standard has-post-thumbnail hentry category-toate\" role=\"listitem\">\n\t\t\t<div class=\"elementor-post__card\">\n\t\t\t\t<a class=\"elementor-post__thumbnail__link\" href=\"https:\/\/sara-new.maktechagency.com\/index.php\/2026\/02\/13\/ecosistemul-conil-de-la-primii-pasi-la-autonomie\/\" tabindex=\"-1\" ><div class=\"elementor-post__thumbnail\"><img fetchpriority=\"high\" decoding=\"async\" width=\"300\" height=\"200\" src=\"https:\/\/sara-new.maktechagency.com\/wp-content\/uploads\/2026\/02\/ChatGPT-Image-Feb-12-2026-12_46_12-PM-300x200.png\" class=\"attachment-medium size-medium wp-image-969\" alt=\"\" srcset=\"https:\/\/sara-new.maktechagency.com\/wp-content\/uploads\/2026\/02\/ChatGPT-Image-Feb-12-2026-12_46_12-PM-300x200.png 300w, https:\/\/sara-new.maktechagency.com\/wp-content\/uploads\/2026\/02\/ChatGPT-Image-Feb-12-2026-12_46_12-PM-1024x683.png 1024w, https:\/\/sara-new.maktechagency.com\/wp-content\/uploads\/2026\/02\/ChatGPT-Image-Feb-12-2026-12_46_12-PM-768x512.png 768w, https:\/\/sara-new.maktechagency.com\/wp-content\/uploads\/2026\/02\/ChatGPT-Image-Feb-12-2026-12_46_12-PM.png 1536w\" sizes=\"(max-width: 300px) 100vw, 300px\" \/><\/div><\/a>\n\t\t\t\t<div class=\"elementor-post__text\">\n\t\t\t\t<h3 class=\"elementor-post__title\">\n\t\t\t<a href=\"https:\/\/sara-new.maktechagency.com\/index.php\/2026\/02\/13\/ecosistemul-conil-de-la-primii-pasi-la-autonomie\/\" >\n\t\t\t\tEcosistemul CONIL: de la primii pa\u0219i la autonomie\t\t\t<\/a>\n\t\t<\/h3>\n\t\t\t\t<div class=\"elementor-post__excerpt\">\n\t\t\t<p>\u00cen educa\u021bia copiilor cu dizabilit\u0103\u021bi, continuitatea nu este doar un avantaj \u2014 este o necesitate. La CONIL, nu vorbim doar<\/p>\n\t\t<\/div>\n\t\t\t\t<\/div>\n\t\t\t\t\t<\/div>\n\t\t<\/article>\n\t\t\t\t<article class=\"elementor-post elementor-grid-item post-594 post type-post status-publish format-standard has-post-thumbnail hentry category-toate\" role=\"listitem\">\n\t\t\t<div class=\"elementor-post__card\">\n\t\t\t\t<a class=\"elementor-post__thumbnail__link\" href=\"https:\/\/sara-new.maktechagency.com\/index.php\/2026\/02\/04\/art-and-culture-festival-10th-edition\/\" tabindex=\"-1\" ><div class=\"elementor-post__thumbnail\"><img decoding=\"async\" width=\"300\" height=\"300\" src=\"https:\/\/sara-new.maktechagency.com\/wp-content\/uploads\/2026\/02\/school-building-45B2pSMc-1-300x300.jpg\" class=\"attachment-medium size-medium wp-image-436\" alt=\"\" srcset=\"https:\/\/sara-new.maktechagency.com\/wp-content\/uploads\/2026\/02\/school-building-45B2pSMc-1-300x300.jpg 300w, https:\/\/sara-new.maktechagency.com\/wp-content\/uploads\/2026\/02\/school-building-45B2pSMc-1-150x150.jpg 150w, https:\/\/sara-new.maktechagency.com\/wp-content\/uploads\/2026\/02\/school-building-45B2pSMc-1-768x768.jpg 768w, https:\/\/sara-new.maktechagency.com\/wp-content\/uploads\/2026\/02\/school-building-45B2pSMc-1.jpg 1024w\" sizes=\"(max-width: 300px) 100vw, 300px\" \/><\/div><\/a>\n\t\t\t\t<div class=\"elementor-post__text\">\n\t\t\t\t<h3 class=\"elementor-post__title\">\n\t\t\t<a href=\"https:\/\/sara-new.maktechagency.com\/index.php\/2026\/02\/04\/art-and-culture-festival-10th-edition\/\" >\n\t\t\t\tDe la team\u0103 la autonomie: De ce educa\u021bia incluziv\u0103 schimb\u0103 via\u021ba copiilor cu dizabilit\u0103\u021bi\t\t\t<\/a>\n\t\t<\/h3>\n\t\t\t\t<div class=\"elementor-post__excerpt\">\n\t\t\t<p>\u201ePrimul lucru pe care \u00eel v\u0103d la un copil nu este diagnosticul,\u201d spune Adela Caragheorghe, fondatoarea CONIL.\u201eEste poten\u021bialul.\u201d \u00cen Rom\u00e2nia,<\/p>\n\t\t<\/div>\n\t\t\t\t<\/div>\n\t\t\t\t\t<\/div>\n\t\t<\/article>\n\t\t\t\t<article class=\"elementor-post elementor-grid-item post-587 post type-post status-publish format-standard has-post-thumbnail hentry category-proiecte-parteneriate category-toate\" role=\"listitem\">\n\t\t\t<div class=\"elementor-post__card\">\n\t\t\t\t<a class=\"elementor-post__thumbnail__link\" href=\"https:\/\/sara-new.maktechagency.com\/index.php\/2026\/02\/04\/national-mathematics-olympiad-exceptional-results\/\" tabindex=\"-1\" ><div class=\"elementor-post__thumbnail\"><img decoding=\"async\" width=\"300\" height=\"200\" src=\"https:\/\/sara-new.maktechagency.com\/wp-content\/uploads\/2026\/02\/image-6-1-300x200.jpg\" class=\"attachment-medium size-medium wp-image-588\" alt=\"\" srcset=\"https:\/\/sara-new.maktechagency.com\/wp-content\/uploads\/2026\/02\/image-6-1-300x200.jpg 300w, https:\/\/sara-new.maktechagency.com\/wp-content\/uploads\/2026\/02\/image-6-1-1024x683.jpg 1024w, https:\/\/sara-new.maktechagency.com\/wp-content\/uploads\/2026\/02\/image-6-1-768x512.jpg 768w, https:\/\/sara-new.maktechagency.com\/wp-content\/uploads\/2026\/02\/image-6-1.jpg 1248w\" sizes=\"(max-width: 300px) 100vw, 300px\" \/><\/div><\/a>\n\t\t\t\t<div class=\"elementor-post__text\">\n\t\t\t\t<h3 class=\"elementor-post__title\">\n\t\t\t<a href=\"https:\/\/sara-new.maktechagency.com\/index.php\/2026\/02\/04\/national-mathematics-olympiad-exceptional-results\/\" >\n\t\t\t\tProfilul Gastronomic la Liceul CONIL \u2013 Meserie, autonomie \u0219i \u00eencredere\t\t\t<\/a>\n\t\t<\/h3>\n\t\t\t\t<div class=\"elementor-post__excerpt\">\n\t\t\t<p>Pentru mul\u021bi p\u0103rin\u021bi care caut\u0103 un liceu pentru copil cu dizabilit\u0103\u021bi, una dintre cele mai importante \u00eentreb\u0103ri este: \u201eCe va<\/p>\n\t\t<\/div>\n\t\t\t\t<\/div>\n\t\t\t\t\t<\/div>\n\t\t<\/article>\n\t\t\t\t<\/div>\n\t\t\n\t\t\t\t\t\t<\/div>\n\t\t\t\t<\/div>\n\t\t\t\t<\/div>\n\t\t<div id=\"e-n-tab-content-1611419262\" role=\"tabpanel\" aria-labelledby=\"e-n-tab-title-1611419262\" data-tab-index=\"2\" style=\"--n-tabs-title-order: 2;\" class=\" elementor-element elementor-element-2652fbb e-con-full e-flex e-con e-child\" data-id=\"2652fbb\" data-element_type=\"container\" data-e-type=\"container\">\n\t\t\t\t<\/div>\n\t\t<div id=\"e-n-tab-content-1611419263\" role=\"tabpanel\" aria-labelledby=\"e-n-tab-title-1611419263\" data-tab-index=\"3\" style=\"--n-tabs-title-order: 3;\" class=\" elementor-element elementor-element-151f35e e-con-full e-flex e-con e-child\" data-id=\"151f35e\" data-element_type=\"container\" data-e-type=\"container\">\n\t\t\t\t<\/div>\n\t\t<div id=\"e-n-tab-content-1611419264\" role=\"tabpanel\" aria-labelledby=\"e-n-tab-title-1611419264\" data-tab-index=\"4\" style=\"--n-tabs-title-order: 4;\" class=\" elementor-element elementor-element-70b73e6 e-con-full e-flex e-con e-child\" data-id=\"70b73e6\" data-element_type=\"container\" data-e-type=\"container\">\n\t\t\t\t<\/div>\n\t\t\t\t\t<\/div>\n\t\t<\/div>\n\t\t\t\t\t\t<\/div>\n\t\t\t\t<\/div>\n\t\t\t\t<\/div>\n\t\t\t\t\t<\/div>\n\t\t\t\t<\/div>\n\t\t\t\t<\/div>\n\t\t","protected":false},"excerpt":{"rendered":"<p>Blog &amp; Nout\u0103\u021bi Cele mai recente \u0219tiri, evenimente \u0219i realiz\u0103ri din comunitatea Liceului CONIL.R\u0103m\u00e2i conectat la tot ce se \u00eent\u00e2mpl\u0103 [&hellip;]<\/p>\n","protected":false},"author":1,"featured_media":0,"parent":0,"menu_order":0,"comment_status":"closed","ping_status":"closed","template":"elementor_header_footer","meta":{"site-sidebar-layout":"no-sidebar","site-content-layout":"","ast-site-content-layout":"full-width-container","site-content-style":"default","site-sidebar-style":"default","ast-global-header-display":"","ast-banner-title-visibility":"","ast-main-header-display":"","ast-hfb-above-header-display":"","ast-hfb-below-header-display":"","ast-hfb-mobile-header-display":"","site-post-title":"","ast-breadcrumbs-content":"","ast-featured-img":"disabled","footer-sml-layout":"","ast-disable-related-posts":"","theme-transparent-header-meta":"","adv-header-id-meta":"","stick-header-meta":"","header-above-stick-meta":"","header-main-stick-meta":"","header-below-stick-meta":"","astra-migrate-meta-layouts":"default","ast-page-background-enabled":"default","ast-page-background-meta":{"desktop":{"background-color":"var(--ast-global-color-5)","background-image":"","background-repeat":"repeat","background-position":"center center","background-size":"auto","background-attachment":"scroll","background-type":"","background-media":"","overlay-type":"","overlay-color":"","overlay-opacity":"","overlay-gradient":""},"tablet":{"background-color":"","background-image":"","background-repeat":"repeat","background-position":"center center","background-size":"auto","background-attachment":"scroll","background-type":"","background-media":"","overlay-type":"","overlay-color":"","overlay-opacity":"","overlay-gradient":""},"mobile":{"background-color":"","background-image":"","background-repeat":"repeat","background-position":"center center","background-size":"auto","background-attachment":"scroll","background-type":"","background-media":"","overlay-type":"","overlay-color":"","overlay-opacity":"","overlay-gradient":""}},"ast-content-background-meta":{"desktop":{"background-color":"var(--ast-global-color-4)","background-image":"","background-repeat":"repeat","background-position":"center center","background-size":"auto","background-attachment":"scroll","background-type":"","background-media":"","overlay-type":"","overlay-color":"","overlay-opacity":"","overlay-gradient":""},"tablet":{"background-color":"var(--ast-global-color-4)","background-image":"","background-repeat":"repeat","background-position":"center center","background-size":"auto","background-attachment":"scroll","background-type":"","background-media":"","overlay-type":"","overlay-color":"","overlay-opacity":"","overlay-gradient":""},"mobile":{"background-color":"var(--ast-global-color-4)","background-image":"","background-repeat":"repeat","background-position":"center center","background-size":"auto","background-attachment":"scroll","background-type":"","background-media":"","overlay-type":"","overlay-color":"","overlay-opacity":"","overlay-gradient":""}},"footnotes":""},"class_list":["post-19","page","type-page","status-publish","hentry"],"_links":{"self":[{"href":"https:\/\/sara-new.maktechagency.com\/index.php\/wp-json\/wp\/v2\/pages\/19","targetHints":{"allow":["GET"]}}],"collection":[{"href":"https:\/\/sara-new.maktechagency.com\/index.php\/wp-json\/wp\/v2\/pages"}],"about":[{"href":"https:\/\/sara-new.maktechagency.com\/index.php\/wp-json\/wp\/v2\/types\/page"}],"author":[{"embeddable":true,"href":"https:\/\/sara-new.maktechagency.com\/index.php\/wp-json\/wp\/v2\/users\/1"}],"replies":[{"embeddable":true,"href":"https:\/\/sara-new.maktechagency.com\/index.php\/wp-json\/wp\/v2\/comments?post=19"}],"version-history":[{"count":37,"href":"https:\/\/sara-new.maktechagency.com\/index.php\/wp-json\/wp\/v2\/pages\/19\/revisions"}],"predecessor-version":[{"id":1099,"href":"https:\/\/sara-new.maktechagency.com\/index.php\/wp-json\/wp\/v2\/pages\/19\/revisions\/1099"}],"wp:attachment":[{"href":"https:\/\/sara-new.maktechagency.com\/index.php\/wp-json\/wp\/v2\/media?parent=19"}],"curies":[{"name":"wp","href":"https:\/\/api.w.org\/{rel}","templated":true}]}}